{"id":1426,"date":"2018-05-15T15:31:44","date_gmt":"2018-05-15T13:31:44","guid":{"rendered":"http:\/\/lofotenviking.com\/about\/sponsors\/"},"modified":"2018-09-11T13:18:09","modified_gmt":"2018-09-11T11:18:09","slug":"sponsors","status":"publish","type":"page","link":"https:\/\/lofotenviking.com\/ru\/about\/sponsors\/","title":{"rendered":"\u0421\u043f\u043e\u043d\u0441\u043e\u0440\u0441\u0442\u0432\u043e"},"content":{"rendered":"<p>\u0412 \u043a\u043e\u043c\u043f\u0430\u043d\u0438\u0438 \u041b\u043e\u0444\u043e\u0442\u0435\u043d \u0412\u0438\u043a\u0438\u043d\u0433 (Lofoten Viking) \u043f\u0440\u0438\u0434\u0430\u044e\u0442 \u0431\u043e\u043b\u044c\u0448\u043e\u0435 \u0437\u043d\u0430\u0447\u0435\u043d\u0438\u0435 \u0441\u043e\u0434\u0435\u0439\u0441\u0442\u0432\u0438\u044e \u0440\u0430\u0437\u0432\u0438\u0442\u0438\u044f \u043c\u0435\u0441\u0442\u043d\u043e\u0433\u043e \u0441\u043e\u043e\u0431\u0449\u0435\u0441\u0442\u0432\u0430. \u041f\u043e \u044d\u0442\u043e\u0439 \u043f\u0440\u0438\u0447\u0438\u043d\u0435 \u0431\u043e\u043b\u044c\u0448\u0438\u0435 \u0441\u0440\u0435\u0434\u0441\u0442\u0432\u0430 \u0432\u044b\u0434\u0435\u043b\u044f\u044e\u0442\u0441\u044f \u043d\u0430 \u0444\u0438\u043d\u0430\u043d\u0441\u043e\u0432\u0443\u044e \u043f\u043e\u0434\u0434\u0435\u0440\u0436\u043a\u0443 \u0440\u0430\u0437\u043b\u0438\u0447\u043d\u044b\u0445 \u043c\u0435\u0440\u043e\u043f\u0440\u0438\u044f\u0442\u0438\u0439. \u0414\u043b\u044f \u043d\u0430\u0441 \u043e\u0447\u0435\u043d\u044c \u0446\u0435\u043d\u043d\u043e, \u0447\u0442\u043e \u0436\u0438\u0442\u0435\u043b\u0438 \u043e\u0441\u0442\u0440\u043e\u0432\u043e\u0432 \u0438 \u043d\u0430\u0448\u0438 \u0440\u0430\u0431\u043e\u0442\u043d\u0438\u043a\u0438 \u0438\u043c\u0435\u044e\u0442 \u0432\u043e\u0437\u043c\u043e\u0436\u043d\u043e\u0441\u0442\u044c \u043f\u043e\u0434\u0434\u0435\u0440\u0436\u0438\u0432\u0430\u0442\u044c \u043f\u0440\u0435\u043a\u0440\u0430\u0441\u043d\u043e\u0435 \u0441\u0430\u043c\u043e\u0447\u0443\u0432\u0441\u0442\u0432\u0438\u0435 \u0438 \u0432\u0435\u0441\u0442\u0438 \u0430\u043a\u0442\u0438\u0432\u043d\u044b\u0439 \u0437\u0434\u043e\u0440\u043e\u0432\u044b\u0439 \u043e\u0431\u0440\u0430\u0437 \u0436\u0438\u0437\u043d\u0438, \u0447\u0442\u043e \u043e\u043d\u0438 \u0441 \u0443\u0434\u043e\u0432\u043e\u043b\u044c\u0441\u0442\u0432\u0438\u0435\u043c \u0434\u0435\u043b\u0430\u044e\u0442 \u0432 \u0441\u0432\u043e\u0431\u043e\u0434\u043d\u043e\u0435 \u0432\u0440\u0435\u043c\u044f. \u041a\u043e\u043c\u043f\u0430\u043d\u0438\u044f \u044f\u0432\u043b\u044f\u0435\u0442\u0441\u044f \u043a\u0440\u0443\u043f\u043d\u0435\u0439\u0448\u0438\u043c \u0441\u043f\u043e\u043d\u0441\u043e\u0440\u043e\u043c \u0441\u043f\u043e\u0440\u0442\u0438\u0432\u043d\u044b\u0445 \u043c\u0435\u0440\u043e\u043f\u0440\u0438\u044f\u0442\u0438\u0439. \u041c\u044b \u043e\u0441\u0443\u0449\u0435\u0441\u0442\u0432\u043b\u044f\u0435\u043c \u0441\u043f\u043e\u043d\u0441\u043e\u0440\u0441\u043a\u0443\u044e \u043f\u043e\u043c\u043e\u0449\u044c \u0447\u0435\u0440\u0435\u0437 \u0441\u043e\u043e\u0431\u0449\u0435\u0441\u0442\u0432\u043e \u0418\u0434\u0440\u0435\u0442\u0442\u0441 \u041a\u0440\u0430\u0444\u0442(Idretts kraft) \u0438 \u0432\u044b\u0431\u0440\u0430\u043b\u0438 \u0441\u0432\u043e\u0438\u043c \u043f\u0440\u044f\u043c\u044b\u043c \u043f\u043e\u043b\u0443\u0447\u0430\u0442\u0435\u043b\u0435\u043c \u0441\u043f\u043e\u0440\u0442\u0438\u0432\u043d\u044b\u0439 \u043a\u043b\u0443\u0431 \u0412\u044d\u0440\u043e\u0439 \u0418\u0434\u0440\u0435\u0442\u0442\u0441\u043b\u0430\u0433 (V\u00e6r\u00f8y Idrettslag) \u0437\u0430 \u0435\u0433\u043e \u0440\u0430\u0431\u043e\u0442\u0443 \u0441 \u0434\u0435\u0442\u044c\u043c\u0438, \u043c\u043e\u043b\u043e\u0434\u0435\u0436\u044c\u044e \u0438 \u0432\u0437\u0440\u043e\u0441\u043b\u044b\u043c\u0438.<\/p>\n<p>&nbsp;<\/p>\n<h2>Some of our sponsorships:<\/h2>\n<p><a href=\"https:\/\/www.facebook.com\/vaeroy.idrettslag\">Fotballskole p\u00e5 V\u00e6r\u00f8y i samarbeid med TIL<\/a><\/p>\n<p><a href=\"https:\/\/www.facebook.com\/groups\/647328452034614\/\">V\u00e6r\u00f8y Skate- og BMX Park<\/a><\/p>\n<p><a href=\"https:\/\/www.facebook.com\/vaeroy.idrettslag\">V\u00e6r\u00f8y IL<\/a><\/p>\n<p>&nbsp;<\/p>\n<h2>Idrettskraft<\/h2>\n<p>Significant contribution from Lofoten Viking<\/p>\n<p><a href=\"http:\/\/www.krafttilidretten.no\/article\/halldrommen-styrket-av-strompenger\" target=\"_blank\" rel=\"noopener\">Les annonsen her<\/a><\/p>\n<p>&nbsp;<\/p>\n<p>&nbsp;<\/p>\n","protected":false},"excerpt":{"rendered":"\u0412 \u043a\u043e\u043c\u043f\u0430\u043d\u0438\u0438 \u041b\u043e\u0444\u043e\u0442\u0435\u043d \u0412\u0438\u043a\u0438\u043d\u0433 (Lofoten Viking) \u043f\u0440\u0438\u0434\u0430\u044e\u0442 \u0431\u043e\u043b\u044c\u0448\u043e\u0435 \u0437\u043d\u0430\u0447\u0435\u043d\u0438\u0435 \u0441\u043e\u0434\u0435\u0439\u0441\u0442\u0432\u0438\u044e \u0440\u0430\u0437\u0432\u0438\u0442\u0438\u044f \u043c\u0435\u0441\u0442\u043d\u043e\u0433\u043e \u0441\u043e\u043e\u0431\u0449\u0435\u0441\u0442\u0432\u0430. \u041f\u043e \u044d\u0442\u043e\u0439 \u043f\u0440\u0438\u0447\u0438\u043d\u0435 \u0431\u043e\u043b\u044c\u0448\u0438\u0435 \u0441\u0440\u0435\u0434\u0441\u0442\u0432\u0430 \u0432\u044b\u0434\u0435\u043b\u044f\u044e\u0442\u0441\u044f \u043d\u0430 [&hellip;]","protected":false},"author":1,"featured_media":1428,"parent":1408,"menu_order":0,"comment_status":"closed","ping_status":"closed","template":"template-page.php","meta":[],"_links":{"self":[{"href":"https:\/\/lofotenviking.com\/ru\/wp-json\/wp\/v2\/pages\/1426\/"}],"collection":[{"href":"https:\/\/lofotenviking.com\/ru\/wp-json\/wp\/v2\/pages\/"}],"about":[{"href":"https:\/\/lofotenviking.com\/ru\/wp-json\/wp\/v2\/types\/page\/"}],"author":[{"embeddable":true,"href":"https:\/\/lofotenviking.com\/ru\/wp-json\/wp\/v2\/users\/1\/"}],"replies":[{"embeddable":true,"href":"https:\/\/lofotenviking.com\/ru\/wp-json\/wp\/v2\/comments\/?post=1426"}],"version-history":[{"count":1,"href":"https:\/\/lofotenviking.com\/ru\/wp-json\/wp\/v2\/pages\/1426\/revisions\/"}],"predecessor-version":[{"id":1429,"href":"https:\/\/lofotenviking.com\/ru\/wp-json\/wp\/v2\/pages\/1426\/revisions\/1429\/"}],"up":[{"embeddable":true,"href":"https:\/\/lofotenviking.com\/ru\/wp-json\/wp\/v2\/pages\/1408\/"}],"wp:featuredmedia":[{"embeddable":true,"href":"https:\/\/lofotenviking.com\/ru\/wp-json\/wp\/v2\/media\/1428\/"}],"wp:attachment":[{"href":"https:\/\/lofotenviking.com\/ru\/wp-json\/wp\/v2\/media\/?parent=1426"}],"curies":[{"name":"wp","href":"https:\/\/api.w.org\/{rel}","templated":true}]}}